{"id":56,"date":"2016-08-03T12:30:04","date_gmt":"2016-08-03T12:30:04","guid":{"rendered":"http:\/\/localhost\/cq\/?page_id=56"},"modified":"2026-01-12T14:28:44","modified_gmt":"2026-01-12T14:28:44","slug":"about-us","status":"publish","type":"page","link":"https:\/\/conexaoquasar.com.br\/?page_id=56","title":{"rendered":"About Us"},"content":{"rendered":"<p><!--themify_builder_static--><\/p>\n<h1 style=\"margin-bottom: 0px;\"><img loading=\"lazy\" decoding=\"async\" src=\"https:\/\/conexaoquasar.com.br\/wp-content\/uploads\/2024\/01\/Imagem-do-WhatsApp-de-2024-01-06-as-22.59.02_bdc229be-285x300.jpg\" alt=\"\" width=\"341\" height=\"358\" srcset=\"https:\/\/conexaoquasar.com.br\/wp-content\/uploads\/2024\/01\/Imagem-do-WhatsApp-de-2024-01-06-as-22.59.02_bdc229be-285x300.jpg 285w, https:\/\/conexaoquasar.com.br\/wp-content\/uploads\/2024\/01\/Imagem-do-WhatsApp-de-2024-01-06-as-22.59.02_bdc229be-974x1024.jpg 974w, https:\/\/conexaoquasar.com.br\/wp-content\/uploads\/2024\/01\/Imagem-do-WhatsApp-de-2024-01-06-as-22.59.02_bdc229be-768x807.jpg 768w, https:\/\/conexaoquasar.com.br\/wp-content\/uploads\/2024\/01\/Imagem-do-WhatsApp-de-2024-01-06-as-22.59.02_bdc229be.jpg 1080w\" sizes=\"auto, (max-width: 341px) 100vw, 341px\" \/><br \/>Quem sou eu?!?<\/h1>\n<h5>Andr\u00e9 Tar\u00f3logo e numer\u00f3logo<\/h5>\n<p>Andr\u00e9 \u00e9 muito mais do que apenas um tar\u00f3logo; ele \u00e9 um conselheiro e um mestre das artes m\u00edsticas. <\/p>\n<p>Com mais de 30 anos de experi\u00eancia em interpretar as energias c\u00f3smicas e as cartas do Tarot, ele \u00e9 um dos profissionais mais respeitados e renomados no Brasil e al\u00e9m de suas fronteiras. \u00a0 Seu caminho come\u00e7ou com os dados ciganos, uma tradi\u00e7\u00e3o ancestral que ele aprendeu com humildes mestres, absorvendo a sabedoria e os segredos transmitidos atrav\u00e9s das gera\u00e7\u00f5es. Andr\u00e9 se tornou um mestre em lan\u00e7ar os dados ciganos, lendo os sinais e as mensagens que eles revelam, proporcionando orienta\u00e7\u00e3o precisa e esclarecedora. \u00a0 No entanto, sua jornada espiritual n\u00e3o parou por a\u00ed. Andr\u00e9 tamb\u00e9m incorporou o Tarot em suas pr\u00e1ticas de consultas, expandindo suas habilidades e oferecendo uma gama mais ampla de insights para seus clientes. <\/p>\n<p>Ele entende profundamente o simbolismo e a linguagem das cartas, usando-as como uma ferramenta poderosa para orienta\u00e7\u00e3o do passado, o presente e o futuro. \u00a0 O Tar\u00f3logo Andr\u00e9 tem uma clientela fiel e diversificada, que abrange n\u00e3o apenas o Brasil, mas tamb\u00e9m alcan\u00e7a pessoas em todo o mundo. Sua abordagem sens\u00edvel, emp\u00e1tica e intuitiva o torna um confidente valioso para aqueles que buscam respostas para suas perguntas mais profundas e inquieta\u00e7\u00f5es espirituais. \u00a0 Em consultas online, Andr\u00e9 oferece n\u00e3o apenas previs\u00f5es, mas tamb\u00e9m orienta\u00e7\u00e3o e aconselhamento hol\u00edsticos. Ele ajuda os clientes a entenderem melhor a si mesmos, seus desafios e oportunidades, e a encontrar um caminho mais iluminado em suas vidas. \u00a0 Quando voc\u00ea se conecta com Andr\u00e9, voc\u00ea n\u00e3o est\u00e1 apenas consultando um tar\u00f3logo; voc\u00ea est\u00e1 se conectando com um s\u00e1bio, um mestre e um amigo espiritual que est\u00e1 comprometido em ajud\u00e1-lo a encontrar clareza, equil\u00edbrio e harmonia em sua jornada. Com Andr\u00e9, voc\u00ea est\u00e1 em boas m\u00e3os, guiado por algu\u00e9m que dedica sua vida a compartilhar a sabedoria das artes m\u00edsticas com amor e compaix\u00e3o.<br \/>\n<a href=\"https:\/\/api.whatsapp.com\/send?phone=5513974035253&#038;text=Ol%C3%A1,%20Andr%C3%A9!%20Gostaria%20que%20voc%C3%AA%20me%20retorna-se%20o%20mais%20breve%20poss%C3%ADvel,%20grato%20e%20fico%20no%20aguardo,%20assunto%20consultas%20pelo%20ZAP!\" target=\"_blank\" rel=\"noopener\"> Agende sua consulta! <\/a><\/p>\n<h2>Consultoria Esot\u00e9rica<\/h2>\n<p>Quando voc\u00ea se conecta com Andr\u00e9, voc\u00ea n\u00e3o est\u00e1 apenas consultando um tar\u00f3logo; voc\u00ea est\u00e1 se conectando com um s\u00e1bio, um mestre e um amigo espiritual que est\u00e1 comprometido em ajud\u00e1-lo a encontrar clareza, equil\u00edbrio e harmonia em sua jornada. Com Andr\u00e9, voc\u00ea est\u00e1 em boas m\u00e3os, guiado por algu\u00e9m que dedica sua vida a compartilhar a sabedoria das artes m\u00edsticas com amor e compaix\u00e3o.<\/p>\n<p><img loading=\"lazy\" decoding=\"async\" src=\"https:\/\/conexaoquasar.com.br\/wp-content\/uploads\/2024\/01\/qrcodes_andre-200x266.jpg\" width=\"200\" height=\"266\" title=\"qrcodes_andre\" alt=\"qrcodes_andre\"><br \/>\n<img loading=\"lazy\" decoding=\"async\" src=\"https:\/\/conexaoquasar.com.br\/wp-content\/uploads\/2024\/01\/Imagem-do-WhatsApp-de-2024-01-06-as-23.02.33_e4a1fe62-198x263.jpg\" width=\"198\" height=\"263\" title=\"Imagem do WhatsApp de 2024-01-06 \u00e0(s) 23.02.33_e4a1fe62\" alt=\"Imagem do WhatsApp de 2024-01-06 \u00e0(s) 23.02.33_e4a1fe62\"><br \/>\n<img loading=\"lazy\" decoding=\"async\" src=\"https:\/\/conexaoquasar.com.br\/wp-content\/uploads\/2024\/01\/Imagem-do-WhatsApp-de-2024-01-06-as-22.59.02_bdc229be-974x1024-198x263.jpg\" width=\"198\" height=\"263\" title=\"Imagem do WhatsApp de 2024-01-06 \u00e0(s) 22.59.02_bdc229be\" alt=\"Imagem do WhatsApp de 2024-01-06 \u00e0(s) 22.59.02_bdc229be\"><br \/>\n<img loading=\"lazy\" decoding=\"async\" src=\"https:\/\/conexaoquasar.com.br\/wp-content\/uploads\/2024\/01\/Imagem-do-WhatsApp-de-2024-01-06-as-23.02.33_2af40cf4-819x1024-198x263.jpg\" width=\"198\" height=\"263\" title=\"Imagem do WhatsApp de 2024-01-06 \u00e0(s) 23.02.33_2af40cf4\" alt=\"Imagem do WhatsApp de 2024-01-06 \u00e0(s) 23.02.33_2af40cf4\"><br \/>\n<a href=\"https:\/\/api.whatsapp.com\/send?phone=5513974035253&#038;text=Ol%C3%A1,%20Andr%C3%A9!%20Gostaria%20que%20voc%C3%AA%20me%20retorna-se%20o%20mais%20breve%20poss%C3%ADvel,%20grato%20e%20fico%20no%20aguardo,%20assunto%20consultas%20pelo%20ZAP!\" target=\"_blank\" rel=\"nofollow noopener\"> Agende sua consulta agora! <\/a><\/p>\n<h2>Nossos Servi\u00e7os<\/h2>\n<p>We provide a wide array of software design and<br \/>development services<\/p>\n<p><svg> <circle r=\"calc(50% - 1.00px)\" cx=\"50%\" cy=\"50%\" stroke-width=\"2\"\/> <circle r=\"calc(50% - 1.00px)\" cx=\"50%\" cy=\"50%\" stroke=\"#23c3d1\" stroke-width=\"2\" data-progress=\"100\" stroke-dasharray=\"0,10000\"\/> <\/svg> <em style=\"color:#000000\"><svg aria-hidden=\"true\"><use href=\"#tf-ti-eye\"><\/use><\/svg><\/em> <\/p>\n<h3> Consultas Online <\/h3>\n<p>Realizo consultas online de 30 a 60 minutos, clique no bot\u00e3o abaixo e agende a sua, descubra o Tarot pelo WhatsApp, consultas de 30 a 60 minutos. <\/p>\n<p>Agende agora e desvende seu destino.<\/p>\n<p><svg> <circle r=\"calc(50% - 1.00px)\" cx=\"50%\" cy=\"50%\" stroke-width=\"2\"\/> <circle r=\"calc(50% - 1.00px)\" cx=\"50%\" cy=\"50%\" stroke=\"#23c3d1\" stroke-width=\"2\" data-progress=\"100\" stroke-dasharray=\"0,10000\"\/> <\/svg> <em style=\"color:#000000\"><svg aria-hidden=\"true\"><use href=\"#tf-fas-sliders\"><\/use><\/svg><\/em> <\/p>\n<h3> Mapa Astrol\u00f3gico <\/h3>\n<p>Crio mapa astrol\u00f3gicos,\u00a0Os mapas astrol\u00f3gicos s\u00e3o poderosas ferramentas que revelam as influ\u00eancias planet\u00e1rias em nossas vidas. Eles oferecem insights sobre nossa personalidade, relacionamentos e caminho de vida. No dia-a-dia, esses mapas nos ajudam a compreender nossas tend\u00eancias naturais, a tomar decis\u00f5es mais alinhadas com nossa ess\u00eancia e a aproveitar as energias c\u00f3smicas a nosso favor.<\/p>\n<p><a href=\"https:\/\/api.whatsapp.com\/send?phone=5513974035253&#038;text=Ol%C3%A1,%20Andr%C3%A9!%20Gostaria%20que%20voc%C3%AA%20me%20retorna-se%20o%20mais%20breve%20poss%C3%ADvel,%20grato%20e%20fico%20no%20aguardo,%20assunto%20consultas%20pelo%20ZAP!\" target=\"_blank\" rel=\"nofollow noopener\"> Agende sua consulta agora! <\/a><br \/>\n<a href=\"https:\/\/api.whatsapp.com\/send?phone=5513974035253&#038;text=Ol%C3%A1,%20Andr%C3%A9!%20Gostaria%20que%20voc%C3%AA%20me%20retorna-se%20o%20mais%20breve%20poss%C3%ADvel,%20grato%20e%20fico%20no%20aguardo,%20assunto%20mapa%20astrol\u00f3gico!\" target=\"_blank\" rel=\"nofollow noopener\"> Agende seu mapa agora! <\/a><\/p>\n<h2><strong>Testemunhos<\/strong><\/h2>\n<p>\u201cAl\u00e9m de tar\u00f3logo e excelente numer\u00f3logo tamb\u00e9m faz com maestria meus mapas astrol\u00f3gicos!\u201d<\/p>\n<p><strong>Patr\u00edcia<\/strong><\/p>\n<p>\u201cSempre assertivo nas respostas as minhas perguntas, mostrando sempre op\u00e7\u00f5es de caminhos a serem tomados por mim, respeitando sempre meu livre arb\u00edtrio\u201d<\/p>\n<p><strong>Jo\u00e3o<\/strong><\/p>\n<p>\u201cPrevis\u00f5es bem assertivas!\u201d<\/p>\n<p><strong>Katia<\/strong><\/p>\n<p><!--\/themify_builder_static--><\/p>\n","protected":false},"excerpt":{"rendered":"<p>Quem sou eu?!? Andr\u00e9 Tar\u00f3logo e numer\u00f3logo Andr\u00e9 \u00e9 muito mais do que apenas um tar\u00f3logo; ele \u00e9 um conselheiro e um mestre das artes m\u00edsticas. Com mais de 30 anos de experi\u00eancia em interpretar as energias c\u00f3smicas e as cartas do Tarot, ele \u00e9 um dos profissionais mais respeitados e renomados no Brasil e [&hellip;]<\/p>\n","protected":false},"author":1,"featured_media":0,"parent":0,"menu_order":0,"comment_status":"closed","ping_status":"closed","template":"","meta":{"footnotes":""},"class_list":["post-56","page","type-page","status-publish","hentry","has-post-title","has-post-date","has-post-category","has-post-tag","has-post-comment","has-post-author",""],"builder_content":"<h1 style=\"margin-bottom: 0px;\"><img src=\"https:\/\/conexaoquasar.com.br\/wp-content\/uploads\/2024\/01\/Imagem-do-WhatsApp-de-2024-01-06-as-22.59.02_bdc229be-285x300.jpg\" alt=\"\" width=\"341\" height=\"358\"><br>Quem sou eu?!?<\/h1> <h5>Andr\u00e9 Tar\u00f3logo e numer\u00f3logo<\/h5>\nAndr\u00e9 \u00e9 muito mais do que apenas um tar\u00f3logo; ele \u00e9 um conselheiro e um mestre das artes m\u00edsticas. <br><br>Com mais de 30 anos de experi\u00eancia em interpretar as energias c\u00f3smicas e as cartas do Tarot, ele \u00e9 um dos profissionais mais respeitados e renomados no Brasil e al\u00e9m de suas fronteiras. \u00a0 Seu caminho come\u00e7ou com os dados ciganos, uma tradi\u00e7\u00e3o ancestral que ele aprendeu com humildes mestres, absorvendo a sabedoria e os segredos transmitidos atrav\u00e9s das gera\u00e7\u00f5es. Andr\u00e9 se tornou um mestre em lan\u00e7ar os dados ciganos, lendo os sinais e as mensagens que eles revelam, proporcionando orienta\u00e7\u00e3o precisa e esclarecedora. \u00a0 No entanto, sua jornada espiritual n\u00e3o parou por a\u00ed. Andr\u00e9 tamb\u00e9m incorporou o Tarot em suas pr\u00e1ticas de consultas, expandindo suas habilidades e oferecendo uma gama mais ampla de insights para seus clientes. <br><br>Ele entende profundamente o simbolismo e a linguagem das cartas, usando-as como uma ferramenta poderosa para orienta\u00e7\u00e3o do passado, o presente e o futuro. \u00a0 O Tar\u00f3logo Andr\u00e9 tem uma clientela fiel e diversificada, que abrange n\u00e3o apenas o Brasil, mas tamb\u00e9m alcan\u00e7a pessoas em todo o mundo. Sua abordagem sens\u00edvel, emp\u00e1tica e intuitiva o torna um confidente valioso para aqueles que buscam respostas para suas perguntas mais profundas e inquieta\u00e7\u00f5es espirituais. \u00a0 Em consultas online, Andr\u00e9 oferece n\u00e3o apenas previs\u00f5es, mas tamb\u00e9m orienta\u00e7\u00e3o e aconselhamento hol\u00edsticos. Ele ajuda os clientes a entenderem melhor a si mesmos, seus desafios e oportunidades, e a encontrar um caminho mais iluminado em suas vidas. \u00a0 Quando voc\u00ea se conecta com Andr\u00e9, voc\u00ea n\u00e3o est\u00e1 apenas consultando um tar\u00f3logo; voc\u00ea est\u00e1 se conectando com um s\u00e1bio, um mestre e um amigo espiritual que est\u00e1 comprometido em ajud\u00e1-lo a encontrar clareza, equil\u00edbrio e harmonia em sua jornada. Com Andr\u00e9, voc\u00ea est\u00e1 em boas m\u00e3os, guiado por algu\u00e9m que dedica sua vida a compartilhar a sabedoria das artes m\u00edsticas com amor e compaix\u00e3o.\n<a href=\"https:\/\/api.whatsapp.com\/send?phone=5513974035253&#038;text=Ol%C3%A1,%20Andr%C3%A9!%20Gostaria%20que%20voc%C3%AA%20me%20retorna-se%20o%20mais%20breve%20poss%C3%ADvel,%20grato%20e%20fico%20no%20aguardo,%20assunto%20consultas%20pelo%20ZAP!\" target=\"_blank\" rel=\"noopener\"> Agende sua consulta! <\/a>\n<h2>Consultoria Esot\u00e9rica<\/h2> <p>Quando voc\u00ea se conecta com Andr\u00e9, voc\u00ea n\u00e3o est\u00e1 apenas consultando um tar\u00f3logo; voc\u00ea est\u00e1 se conectando com um s\u00e1bio, um mestre e um amigo espiritual que est\u00e1 comprometido em ajud\u00e1-lo a encontrar clareza, equil\u00edbrio e harmonia em sua jornada. Com Andr\u00e9, voc\u00ea est\u00e1 em boas m\u00e3os, guiado por algu\u00e9m que dedica sua vida a compartilhar a sabedoria das artes m\u00edsticas com amor e compaix\u00e3o.<\/p>\n<img src=\"https:\/\/conexaoquasar.com.br\/wp-content\/uploads\/2024\/01\/qrcodes_andre-200x266.jpg\" width=\"200\" height=\"266\" title=\"qrcodes_andre\" alt=\"qrcodes_andre\">\n<img src=\"https:\/\/conexaoquasar.com.br\/wp-content\/uploads\/2024\/01\/Imagem-do-WhatsApp-de-2024-01-06-as-23.02.33_e4a1fe62-198x263.jpg\" width=\"198\" height=\"263\" title=\"Imagem do WhatsApp de 2024-01-06 \u00e0(s) 23.02.33_e4a1fe62\" alt=\"Imagem do WhatsApp de 2024-01-06 \u00e0(s) 23.02.33_e4a1fe62\">\n<img src=\"https:\/\/conexaoquasar.com.br\/wp-content\/uploads\/2024\/01\/Imagem-do-WhatsApp-de-2024-01-06-as-22.59.02_bdc229be-974x1024-198x263.jpg\" width=\"198\" height=\"263\" title=\"Imagem do WhatsApp de 2024-01-06 \u00e0(s) 22.59.02_bdc229be\" alt=\"Imagem do WhatsApp de 2024-01-06 \u00e0(s) 22.59.02_bdc229be\">\n<img src=\"https:\/\/conexaoquasar.com.br\/wp-content\/uploads\/2024\/01\/Imagem-do-WhatsApp-de-2024-01-06-as-23.02.33_2af40cf4-819x1024-198x263.jpg\" width=\"198\" height=\"263\" title=\"Imagem do WhatsApp de 2024-01-06 \u00e0(s) 23.02.33_2af40cf4\" alt=\"Imagem do WhatsApp de 2024-01-06 \u00e0(s) 23.02.33_2af40cf4\">\n<a href=\"https:\/\/api.whatsapp.com\/send?phone=5513974035253&#038;text=Ol%C3%A1,%20Andr%C3%A9!%20Gostaria%20que%20voc%C3%AA%20me%20retorna-se%20o%20mais%20breve%20poss%C3%ADvel,%20grato%20e%20fico%20no%20aguardo,%20assunto%20consultas%20pelo%20ZAP!\" target=\"_blank\" rel=\"nofollow noopener\"> Agende sua consulta agora! <\/a>\n<h2>Nossos Servi\u00e7os<\/h2> <p>We provide a wide array of software design and<br>development services<\/p>\n<svg> <circle r=\"calc(50% - 1.00px)\" cx=\"50%\" cy=\"50%\" stroke-width=\"2\"\/> <circle r=\"calc(50% - 1.00px)\" cx=\"50%\" cy=\"50%\" stroke=\"#23c3d1\" stroke-width=\"2\" data-progress=\"100\" stroke-dasharray=\"0,10000\"\/> <\/svg> <em style=\"color:#000000\"><svg aria-hidden=\"true\"><use href=\"#tf-ti-eye\"><\/use><\/svg><\/em> \n <h3> Consultas Online <\/h3> <p>Realizo consultas online de 30 a 60 minutos, clique no bot\u00e3o abaixo e agende a sua, descubra o Tarot pelo WhatsApp, consultas de 30 a 60 minutos. <br><br>Agende agora e desvende seu destino.<\/p>\n<svg> <circle r=\"calc(50% - 1.00px)\" cx=\"50%\" cy=\"50%\" stroke-width=\"2\"\/> <circle r=\"calc(50% - 1.00px)\" cx=\"50%\" cy=\"50%\" stroke=\"#23c3d1\" stroke-width=\"2\" data-progress=\"100\" stroke-dasharray=\"0,10000\"\/> <\/svg> <em style=\"color:#000000\"><svg aria-hidden=\"true\"><use href=\"#tf-fas-sliders\"><\/use><\/svg><\/em> \n <h3> Mapa Astrol\u00f3gico <\/h3> <p>Crio mapa astrol\u00f3gicos,\u00a0Os mapas astrol\u00f3gicos s\u00e3o poderosas ferramentas que revelam as influ\u00eancias planet\u00e1rias em nossas vidas. Eles oferecem insights sobre nossa personalidade, relacionamentos e caminho de vida. No dia-a-dia, esses mapas nos ajudam a compreender nossas tend\u00eancias naturais, a tomar decis\u00f5es mais alinhadas com nossa ess\u00eancia e a aproveitar as energias c\u00f3smicas a nosso favor.<\/p>\n<a href=\"https:\/\/api.whatsapp.com\/send?phone=5513974035253&#038;text=Ol%C3%A1,%20Andr%C3%A9!%20Gostaria%20que%20voc%C3%AA%20me%20retorna-se%20o%20mais%20breve%20poss%C3%ADvel,%20grato%20e%20fico%20no%20aguardo,%20assunto%20consultas%20pelo%20ZAP!\" target=\"_blank\" rel=\"nofollow noopener\"> Agende sua consulta agora! <\/a>\n<a href=\"https:\/\/api.whatsapp.com\/send?phone=5513974035253&#038;text=Ol%C3%A1,%20Andr%C3%A9!%20Gostaria%20que%20voc%C3%AA%20me%20retorna-se%20o%20mais%20breve%20poss%C3%ADvel,%20grato%20e%20fico%20no%20aguardo,%20assunto%20mapa%20astrol\u00f3gico!\" target=\"_blank\" rel=\"nofollow noopener\"> Agende seu mapa agora! <\/a>\n<h2><strong>Testemunhos<\/strong><\/h2>\n<p>\u201cAl\u00e9m de tar\u00f3logo e excelente numer\u00f3logo tamb\u00e9m faz com maestria meus mapas astrol\u00f3gicos!\u201d<\/p> <p><strong>Patr\u00edcia<\/strong><\/p> <p>\u201cSempre assertivo nas respostas as minhas perguntas, mostrando sempre op\u00e7\u00f5es de caminhos a serem tomados por mim, respeitando sempre meu livre arb\u00edtrio\u201d<\/p> <p><strong>Jo\u00e3o<\/strong><\/p> <p>\u201cPrevis\u00f5es bem assertivas!\u201d<\/p> <p><strong>Katia<\/strong><\/p>","_links":{"self":[{"href":"https:\/\/conexaoquasar.com.br\/index.php?rest_route=\/wp\/v2\/pages\/56","targetHints":{"allow":["GET"]}}],"collection":[{"href":"https:\/\/conexaoquasar.com.br\/index.php?rest_route=\/wp\/v2\/pages"}],"about":[{"href":"https:\/\/conexaoquasar.com.br\/index.php?rest_route=\/wp\/v2\/types\/page"}],"author":[{"embeddable":true,"href":"https:\/\/conexaoquasar.com.br\/index.php?rest_route=\/wp\/v2\/users\/1"}],"replies":[{"embeddable":true,"href":"https:\/\/conexaoquasar.com.br\/index.php?rest_route=%2Fwp%2Fv2%2Fcomments&post=56"}],"version-history":[{"count":33,"href":"https:\/\/conexaoquasar.com.br\/index.php?rest_route=\/wp\/v2\/pages\/56\/revisions"}],"predecessor-version":[{"id":246,"href":"https:\/\/conexaoquasar.com.br\/index.php?rest_route=\/wp\/v2\/pages\/56\/revisions\/246"}],"wp:attachment":[{"href":"https:\/\/conexaoquasar.com.br\/index.php?rest_route=%2Fwp%2Fv2%2Fmedia&parent=56"}],"curies":[{"name":"wp","href":"https:\/\/api.w.org\/{rel}","templated":true}]}}