{"id":54,"date":"2016-08-03T12:52:55","date_gmt":"2016-08-03T12:52:55","guid":{"rendered":"http:\/\/localhost\/cq\/?page_id=54"},"modified":"2024-01-11T16:51:06","modified_gmt":"2024-01-11T16:51:06","slug":"contact","status":"publish","type":"page","link":"https:\/\/conexaoquasar.com.br\/?page_id=54","title":{"rendered":"Contact"},"content":{"rendered":"<p><!--themify_builder_static--><\/p>\n<h1>Contato<\/h1>\n<h5>Me acione no Whatsapp agora mesmo!<\/h5>\n<h5>Agendar uma consulta com Andr\u00e9 \u00e9 simples e pr\u00e1tico, basta adicionar o n\u00famero de WhatsApp em seus contatos.<\/p>\n<p>Clique no bot\u00e3o abaixo!\u00a0<\/h5>\n<p><a href=\"https:\/\/api.whatsapp.com\/send?phone=5513974035253&#038;text=Ol%C3%A1,%20Andr%C3%A9!%20Gostaria%20que%20voc%C3%AA%20me%20retorna-se%20o%20mais%20breve%20poss%C3%ADvel,%20grato%20e%20fico%20no%20aguardo!\" > CHAMAR NO WHATSAPP <\/a><br \/>\n<em><svg aria-hidden=\"true\"><use href=\"#tf-fas-mobile\"><\/use><\/svg><\/em><\/p>\n<p>T.\u00a0 (13) 97403-5253<\/p>\n<p><em><svg aria-hidden=\"true\"><use href=\"#tf-far-user\"><\/use><\/svg><\/em><\/p>\n<p>contato@localhost<\/p>\n<p><!--\/themify_builder_static--><\/p>\n","protected":false},"excerpt":{"rendered":"<p>Contato Me acione no Whatsapp agora mesmo! Agendar uma consulta com Andr\u00e9 \u00e9 simples e pr\u00e1tico, basta adicionar o n\u00famero de WhatsApp em seus contatos. Clique no bot\u00e3o abaixo!\u00a0 CHAMAR NO WHATSAPP T.\u00a0 (13) 97403-5253 contato@localhost<\/p>\n","protected":false},"author":1,"featured_media":0,"parent":0,"menu_order":0,"comment_status":"closed","ping_status":"closed","template":"","meta":{"footnotes":""},"class_list":["post-54","page","type-page","status-publish","hentry","has-post-title","has-post-date","has-post-category","has-post-tag","has-post-comment","has-post-author",""],"builder_content":"<h1>Contato<\/h1> <h5>Me acione no Whatsapp agora mesmo!<\/h5> <h5>Agendar uma consulta com Andr\u00e9 \u00e9 simples e pr\u00e1tico, basta adicionar o n\u00famero de WhatsApp em seus contatos.<br><br>Clique no bot\u00e3o abaixo!\u00a0<\/h5>\n<a href=\"https:\/\/api.whatsapp.com\/send?phone=5513974035253&#038;text=Ol%C3%A1,%20Andr%C3%A9!%20Gostaria%20que%20voc%C3%AA%20me%20retorna-se%20o%20mais%20breve%20poss%C3%ADvel,%20grato%20e%20fico%20no%20aguardo!\" > CHAMAR NO WHATSAPP <\/a>\n<em><svg aria-hidden=\"true\"><use href=\"#tf-fas-mobile\"><\/use><\/svg><\/em>\n<p>T.\u00a0 (13) 97403-5253<\/p>\n<em><svg aria-hidden=\"true\"><use href=\"#tf-far-user\"><\/use><\/svg><\/em>\n<p>contato@localhost<\/p>","_links":{"self":[{"href":"https:\/\/conexaoquasar.com.br\/index.php?rest_route=\/wp\/v2\/pages\/54","targetHints":{"allow":["GET"]}}],"collection":[{"href":"https:\/\/conexaoquasar.com.br\/index.php?rest_route=\/wp\/v2\/pages"}],"about":[{"href":"https:\/\/conexaoquasar.com.br\/index.php?rest_route=\/wp\/v2\/types\/page"}],"author":[{"embeddable":true,"href":"https:\/\/conexaoquasar.com.br\/index.php?rest_route=\/wp\/v2\/users\/1"}],"replies":[{"embeddable":true,"href":"https:\/\/conexaoquasar.com.br\/index.php?rest_route=%2Fwp%2Fv2%2Fcomments&post=54"}],"version-history":[{"count":4,"href":"https:\/\/conexaoquasar.com.br\/index.php?rest_route=\/wp\/v2\/pages\/54\/revisions"}],"predecessor-version":[{"id":181,"href":"https:\/\/conexaoquasar.com.br\/index.php?rest_route=\/wp\/v2\/pages\/54\/revisions\/181"}],"wp:attachment":[{"href":"https:\/\/conexaoquasar.com.br\/index.php?rest_route=%2Fwp%2Fv2%2Fmedia&parent=54"}],"curies":[{"name":"wp","href":"https:\/\/api.w.org\/{rel}","templated":true}]}}