{"id":53,"date":"2016-08-03T13:03:41","date_gmt":"2016-08-03T13:03:41","guid":{"rendered":"http:\/\/localhost\/cq\/?page_id=53"},"modified":"2026-01-12T14:41:45","modified_gmt":"2026-01-12T14:41:45","slug":"home","status":"publish","type":"page","link":"https:\/\/conexaoquasar.com.br\/","title":{"rendered":"Home"},"content":{"rendered":"<!-- wp:themify-builder\/canvas \/-->","protected":false},"excerpt":{"rendered":"","protected":false},"author":1,"featured_media":0,"parent":0,"menu_order":0,"comment_status":"closed","ping_status":"closed","template":"","meta":{"footnotes":""},"class_list":["post-53","page","type-page","status-publish","hentry","has-post-title","has-post-date","has-post-category","has-post-tag","has-post-comment","has-post-author",""],"builder_content":"<a href=\"https:\/\/conexaoquasar.com.br\/?page_id=52\" rel=\"nofollow\"> Saiba mais <\/a>\n<svg> <circle r=\"calc(50% - 1.00px)\" cx=\"50%\" cy=\"50%\" stroke-width=\"2\"\/> <circle r=\"calc(50% - 1.00px)\" cx=\"50%\" cy=\"50%\" stroke=\"#23c3d1\" stroke-width=\"2\" data-progress=\"100\" stroke-dasharray=\"0,10000\"\/> <\/svg> <em style=\"color:#000000\"><svg aria-hidden=\"true\"><use href=\"#tf-fas-people-arrows\"><\/use><\/svg><\/em> \n <h3> Familia <\/h3> <p>Nossa jornada no mundo do tarot come\u00e7a com a busca por respostas e clareza em um dos aspectos mais cruciais de nossas vidas: a fam\u00edlia. Hoje, convidamos voc\u00ea a mergulhar nas cartas do tarot em busca de orienta\u00e7\u00e3o e ilumina\u00e7\u00e3o em rela\u00e7\u00e3o ao seu relacionamento familiar. As cartas est\u00e3o prontas para revelar os segredos e as solu\u00e7\u00f5es que voc\u00ea procura.<\/p>\n<svg> <circle r=\"calc(50% - 1.00px)\" cx=\"50%\" cy=\"50%\" stroke-width=\"2\"\/> <circle r=\"calc(50% - 1.00px)\" cx=\"50%\" cy=\"50%\" stroke=\"#23c3d1\" stroke-width=\"2\" data-progress=\"100\" stroke-dasharray=\"0,10000\"\/> <\/svg> <em style=\"color:#000\"><svg aria-hidden=\"true\"><use href=\"#tf-fas-person-digging\"><\/use><\/svg><\/em> \n <h3> Trabalho <\/h3> <p>Em busca de orienta\u00e7\u00e3o profissional? Deixe as cartas do tarot iluminarem seu caminho no mundo do trabalho. Descubra as oportunidades ocultas e tome decis\u00f5es informadas para seu futuro profissional.<\/p>\n<svg> <circle r=\"calc(50% - 1.00px)\" cx=\"50%\" cy=\"50%\" stroke-width=\"2\"\/> <circle r=\"calc(50% - 1.00px)\" cx=\"50%\" cy=\"50%\" stroke=\"#23c3d1\" stroke-width=\"2\" data-progress=\"100\" stroke-dasharray=\"0,10000\"\/> <\/svg> <em style=\"color:#000\"><svg aria-hidden=\"true\"><use href=\"#tf-far-clone\"><\/use><\/svg><\/em> \n <h3> Relacionamentos <\/h3> <p>Em busca de clareza nos relacionamentos? Deixe as cartas do tarot guiar voc\u00ea na jornada do amor e das conex\u00f5es. Descubra insights profundos e caminhos para relacionamentos mais harmoniosos.<\/p>\n<h2>Andr\u00e9<br\/>Tar\u00f3logo, numer\u00f3logo e astr\u00f3logo<\/h2>\n<p>Receba Clareza e Dire\u00e7\u00e3o: Ap\u00f3s a consulta, voc\u00ea ter\u00e1 uma compreens\u00e3o mais profunda de sua vida e de como tomar decis\u00f5es informadas para um futuro mais iluminado.<br><\/p><p>\u2728 Por que Escolher Andr\u00e9? \u2728<br><\/p><p>Profissional experiente e \u00e9tico.<br><\/p><p>Abordagem sens\u00edvel e acolhedora.<\/p><p>Respostas claras e insights profundos.<\/p><p>Privacidade e confidencialidade garantidas.<\/p><p>Se voc\u00ea est\u00e1 em busca de orienta\u00e7\u00e3o, autoconhecimento ou respostas para suas d\u00favidas mais profundas, n\u00e3o hesite em entrar em contato com Andr\u00e9. Ele est\u00e1 pronto para gui\u00e1-lo em sua jornada pessoal.<\/p>\n<a href=\"https:\/\/www.facebook.com\/conexaoquasar\/\"> <em><svg aria-hidden=\"true\"><use href=\"#tf-ti-facebook\"><\/use><\/svg><\/em> <\/a> <a href=\"https:\/\/www.youtube.com\/@ConexaoQuasar\"> <em><svg aria-hidden=\"true\"><use href=\"#tf-ti-youtube\"><\/use><\/svg><\/em> <\/a> <a href=\"https:\/\/www.instagram.com\/conexaoquasar\/\"> <em><svg aria-hidden=\"true\"><use href=\"#tf-ti-instagram\"><\/use><\/svg><\/em> <\/a>\n<img src=\"https:\/\/conexaoquasar.com.br\/wp-content\/uploads\/2024\/01\/qrcodes_andre.jpg\" title=\"qrcodes_andre\" alt=\"qrcodes_andre\" srcset=\"https:\/\/conexaoquasar.com.br\/wp-content\/uploads\/2024\/01\/qrcodes_andre.jpg 612w, https:\/\/conexaoquasar.com.br\/wp-content\/uploads\/2024\/01\/qrcodes_andre-300x300.jpg 300w, https:\/\/conexaoquasar.com.br\/wp-content\/uploads\/2024\/01\/qrcodes_andre-150x150.jpg 150w\" sizes=\"(max-width: 612px) 100vw, 612px\" \/>\n<a href=\"https:\/\/api.whatsapp.com\/send?phone=5513974035253&#038;text=Ol%C3%A1,%20Andr%C3%A9!%20Gostaria%20que%20voc%C3%AA%20me%20retorna-se%20o%20mais%20breve%20poss%C3%ADvel,%20grato%20e%20fico%20no%20aguardo,%20assunto%20consultas%20pelo%20ZAP!\" target=\"_blank\" rel=\"noopener\"> me adicione no whatsapp <\/a>\n<h2>Consultas Online<\/h2>\n<p>Em busca de orienta\u00e7\u00e3o e clareza em sua jornada? Nossas consultas de Tarot Online via WhatsApp oferecem duas op\u00e7\u00f5es de dura\u00e7\u00e3o: 30 ou 60 minutos. Deixe as cartas do Tarot revelarem respostas e insights sobre fam\u00edlia, trabalho, relacionamentos e todos os desafios que a vida apresenta. Permita-nos ser seu guia confi\u00e1vel enquanto exploramos as possibilidades que o Tarot oferece para o seu futuro. Conecte-se conosco agora e comece a desvendar os mist\u00e9rios que o aguardam.<\/p>\n<a href=\"https:\/\/api.whatsapp.com\/send?phone=5513974035253&#038;text=Ol%C3%A1,%20Andr%C3%A9!%20Gostaria%20que%20voc%C3%AA%20me%20retorna-se%20o%20mais%20breve%20poss%C3%ADvel,%20grato%20e%20fico%20no%20aguardo!\" target=\"_blank\" rel=\"noopener\"> Agende a sua agora! <\/a>\n<h1>Mapa Astrol\u00f3gico<\/h1> <h3>Saiba o que os astros reservam para voc\u00ea!<\/h3>\n<img src=\"https:\/\/conexaoquasar.com.br\/wp-content\/uploads\/2024\/01\/Imagem-do-WhatsApp-de-2024-01-06-as-23.02.33_e4a1fe62.jpg\" title=\"Imagem do WhatsApp de 2024-01-06 \u00e0(s) 23.02.33_e4a1fe62\" alt=\"Imagem do WhatsApp de 2024-01-06 \u00e0(s) 23.02.33_e4a1fe62\" srcset=\"https:\/\/conexaoquasar.com.br\/wp-content\/uploads\/2024\/01\/Imagem-do-WhatsApp-de-2024-01-06-as-23.02.33_e4a1fe62.jpg 612w, https:\/\/conexaoquasar.com.br\/wp-content\/uploads\/2024\/01\/Imagem-do-WhatsApp-de-2024-01-06-as-23.02.33_e4a1fe62-300x300.jpg 300w, https:\/\/conexaoquasar.com.br\/wp-content\/uploads\/2024\/01\/Imagem-do-WhatsApp-de-2024-01-06-as-23.02.33_e4a1fe62-150x150.jpg 150w\" sizes=\"(max-width: 612px) 100vw, 612px\" \/>\n<a href=\"https:\/\/api.whatsapp.com\/send?phone=5513974035253&#038;text=Ol%C3%A1,%20Andr%C3%A9!%20Gostaria%20que%20voc%C3%AA%20me%20retorna-se%20o%20mais%20breve%20poss%C3%ADvel,%20grato%20e%20fico%20no%20aguardo,%20assunto%20mapa%20astrol\u00f3gico!\" > Clique aqui! <\/a>","_links":{"self":[{"href":"https:\/\/conexaoquasar.com.br\/index.php?rest_route=\/wp\/v2\/pages\/53","targetHints":{"allow":["GET"]}}],"collection":[{"href":"https:\/\/conexaoquasar.com.br\/index.php?rest_route=\/wp\/v2\/pages"}],"about":[{"href":"https:\/\/conexaoquasar.com.br\/index.php?rest_route=\/wp\/v2\/types\/page"}],"author":[{"embeddable":true,"href":"https:\/\/conexaoquasar.com.br\/index.php?rest_route=\/wp\/v2\/users\/1"}],"replies":[{"embeddable":true,"href":"https:\/\/conexaoquasar.com.br\/index.php?rest_route=%2Fwp%2Fv2%2Fcomments&post=53"}],"version-history":[{"count":48,"href":"https:\/\/conexaoquasar.com.br\/index.php?rest_route=\/wp\/v2\/pages\/53\/revisions"}],"predecessor-version":[{"id":250,"href":"https:\/\/conexaoquasar.com.br\/index.php?rest_route=\/wp\/v2\/pages\/53\/revisions\/250"}],"wp:attachment":[{"href":"https:\/\/conexaoquasar.com.br\/index.php?rest_route=%2Fwp%2Fv2%2Fmedia&parent=53"}],"curies":[{"name":"wp","href":"https:\/\/api.w.org\/{rel}","templated":true}]}}