{"id":52,"date":"2016-08-06T17:41:40","date_gmt":"2016-08-06T17:41:40","guid":{"rendered":"http:\/\/localhost\/cq\/?page_id=52"},"modified":"2026-01-12T14:26:13","modified_gmt":"2026-01-12T14:26:13","slug":"portfolio","status":"publish","type":"page","link":"https:\/\/conexaoquasar.com.br\/?page_id=52","title":{"rendered":"Portfolio"},"content":{"rendered":"<p><!--themify_builder_static--><\/p>\n<h1 style=\"margin-bottom: 0px;\"><img loading=\"lazy\" decoding=\"async\" src=\"https:\/\/conexaoquasar.com.br\/wp-content\/uploads\/2024\/01\/Imagem-do-WhatsApp-de-2024-01-06-as-23.02.33_2af40cf4-240x300.jpg\" alt=\"\" width=\"240\" height=\"300\" srcset=\"https:\/\/conexaoquasar.com.br\/wp-content\/uploads\/2024\/01\/Imagem-do-WhatsApp-de-2024-01-06-as-23.02.33_2af40cf4-240x300.jpg 240w, https:\/\/conexaoquasar.com.br\/wp-content\/uploads\/2024\/01\/Imagem-do-WhatsApp-de-2024-01-06-as-23.02.33_2af40cf4-819x1024.jpg 819w, https:\/\/conexaoquasar.com.br\/wp-content\/uploads\/2024\/01\/Imagem-do-WhatsApp-de-2024-01-06-as-23.02.33_2af40cf4-768x960.jpg 768w, https:\/\/conexaoquasar.com.br\/wp-content\/uploads\/2024\/01\/Imagem-do-WhatsApp-de-2024-01-06-as-23.02.33_2af40cf4.jpg 1080w\" sizes=\"auto, (max-width: 240px) 100vw, 240px\" \/><\/h1>\n<h1 style=\"margin-bottom: 0;\">Consultas Online de Tarot<\/h1>\n<h5>Descubra o Tarot, numerologia, e seu mapa astrol\u00f3gico no conforto da sua casa pelo WhatsApp! <br \/>Consultas de 30 a 60 minutos. Agende agora e desvende seu destino.<\/p>\n<\/h5>\n<p> Voc\u00ea j\u00e1 se perguntou o que as possibilidades do futuro reserva para voc\u00ea?\u00a0 \u00a0 Est\u00e1 em busca de orienta\u00e7\u00e3o espiritual ou insights profundos sobre sua vida? As consultas de Tarot Online via\u00a0Whatsapp\u00a0podem ser a resposta que voc\u00ea procura.\u00a0 \u00a0 O processo \u00e9 simples e eficaz. Tudo o que voc\u00ea precisa fazer \u00e9 entrar em contato comigo e agendar sua consulta via Whatsapp. \u00a0 Consulta de 30 minutos:\u00a0Esta \u00e9 uma \u00f3tima op\u00e7\u00e3o se voc\u00ea tiver perguntas espec\u00edficas ou se estiver procurando uma vis\u00e3o geral r\u00e1pida. Durante essa meia hora, o leitor de Tarot ir\u00e1 usar suas habilidades para realizar uma leitura precisa e fornecer orienta\u00e7\u00f5es valiosas sobre as \u00e1reas da sua vida que mais o preocupam. \u00a0 Consulta de 60 minutos: Para aqueles que desejam uma an\u00e1lise mais aprofundada e detalhada, a consulta de 60 minutos \u00e9 ideal. Isso permite que o leitor de Tarot mergulhe mais fundo em suas perguntas, explorando aspectos mais complexos da sua vida e fornecendo insights mais abrangentes para orientar suas decis\u00f5es e a\u00e7\u00f5es futuras. \u00a0 N\u00e3o importa se voc\u00ea est\u00e1 enfrentando desafios pessoais, incertezas profissionais ou curiosidades sobre o que o destino lhe reserva, as consultas de Tarot Online est\u00e3o prontas para ajud\u00e1-lo a encontrar as respostas que procura. Descubra o caminho para o seu destino hoje mesmo e comece a trilhar um futuro mais consciente e alinhado com seus objetivos e sonhos.<br \/>\n<a href=\"https:\/\/api.whatsapp.com\/send?phone=5513974035253&#038;text=Ol%C3%A1,%20Andr%C3%A9!%20Gostaria%20que%20voc%C3%AA%20me%20retorna-se%20o%20mais%20breve%20poss%C3%ADvel,%20grato%20e%20fico%20no%20aguardo,%20assunto%20consultas%20pelo%20ZAP!\" target=\"_blank\" rel=\"noopener\"> AGENDE AGORA SUA CONSULTA! <\/a><\/p>\n<h1>Mapa Astrol\u00f3gico<\/h1>\n<h3>Saiba o que os astros reservam para voc\u00ea!<\/h3>\n<p> Criar um mapa astrol\u00f3gico oferece uma vis\u00e3o \u00fanica das influ\u00eancias c\u00f3smicas em sua vida, revelando seus tra\u00e7os de personalidade, potenciais e desafios. Compreender sua astrologia pode ajudar a tomar decis\u00f5es mais conscientes e aprimorar seu autoconhecimento, promovendo um caminho de crescimento e autodescoberta.<br \/>\n<a href=\"https:\/\/api.whatsapp.com\/send?phone=5513974035253&#038;text=Ol%C3%A1,%20Andr%C3%A9!%20Gostaria%20que%20voc%C3%AA%20me%20retorna-se%20o%20mais%20breve%20poss%C3%ADvel,%20grato%20e%20fico%20no%20aguardo,%20assunto%20mapa%20astrol\u00f3gico!\" target=\"_blank\" rel=\"noopener\"> Adquira o seu aqui! <\/a><br \/>\n<img decoding=\"async\" src=\"https:\/\/conexaoquasar.com.br\/wp-content\/uploads\/2024\/01\/Imagem-do-WhatsApp-de-2024-01-06-as-23.02.33_e4a1fe62.jpg\" title=\"Imagem do WhatsApp de 2024-01-06 \u00e0(s) 23.02.33_e4a1fe62\" alt=\"Imagem do WhatsApp de 2024-01-06 \u00e0(s) 23.02.33_e4a1fe62\" srcset=\"https:\/\/conexaoquasar.com.br\/wp-content\/uploads\/2024\/01\/Imagem-do-WhatsApp-de-2024-01-06-as-23.02.33_e4a1fe62.jpg 612w, https:\/\/conexaoquasar.com.br\/wp-content\/uploads\/2024\/01\/Imagem-do-WhatsApp-de-2024-01-06-as-23.02.33_e4a1fe62-300x300.jpg 300w, https:\/\/conexaoquasar.com.br\/wp-content\/uploads\/2024\/01\/Imagem-do-WhatsApp-de-2024-01-06-as-23.02.33_e4a1fe62-150x150.jpg 150w\" sizes=\"(max-width: 612px) 100vw, 612px\" \/><!--\/themify_builder_static--><\/p>\n","protected":false},"excerpt":{"rendered":"<p>Consultas Online de Tarot Descubra o Tarot, numerologia, e seu mapa astrol\u00f3gico no conforto da sua casa pelo WhatsApp! Consultas de 30 a 60 minutos. Agende agora e desvende seu destino. Voc\u00ea j\u00e1 se perguntou o que as possibilidades do futuro reserva para voc\u00ea?\u00a0 \u00a0 Est\u00e1 em busca de orienta\u00e7\u00e3o espiritual ou insights profundos sobre [&hellip;]<\/p>\n","protected":false},"author":1,"featured_media":0,"parent":0,"menu_order":0,"comment_status":"closed","ping_status":"closed","template":"","meta":{"footnotes":""},"class_list":["post-52","page","type-page","status-publish","hentry","has-post-title","has-post-date","has-post-category","has-post-tag","has-post-comment","has-post-author",""],"builder_content":"<h1 style=\"margin-bottom: 0px;\"><img src=\"https:\/\/conexaoquasar.com.br\/wp-content\/uploads\/2024\/01\/Imagem-do-WhatsApp-de-2024-01-06-as-23.02.33_2af40cf4-240x300.jpg\" alt=\"\" width=\"240\" height=\"300\"><\/h1> <h1 style=\"margin-bottom: 0;\">Consultas Online de Tarot<\/h1>\n<h5>Descubra o Tarot, numerologia, e seu mapa astrol\u00f3gico no conforto da sua casa pelo WhatsApp! <br>Consultas de 30 a 60 minutos. Agende agora e desvende seu destino.<br><br><\/h5> Voc\u00ea j\u00e1 se perguntou o que as possibilidades do futuro reserva para voc\u00ea?\u00a0 \u00a0 Est\u00e1 em busca de orienta\u00e7\u00e3o espiritual ou insights profundos sobre sua vida? As consultas de Tarot Online via\u00a0Whatsapp\u00a0podem ser a resposta que voc\u00ea procura.\u00a0 \u00a0 O processo \u00e9 simples e eficaz. Tudo o que voc\u00ea precisa fazer \u00e9 entrar em contato comigo e agendar sua consulta via Whatsapp. \u00a0 Consulta de 30 minutos:\u00a0Esta \u00e9 uma \u00f3tima op\u00e7\u00e3o se voc\u00ea tiver perguntas espec\u00edficas ou se estiver procurando uma vis\u00e3o geral r\u00e1pida. Durante essa meia hora, o leitor de Tarot ir\u00e1 usar suas habilidades para realizar uma leitura precisa e fornecer orienta\u00e7\u00f5es valiosas sobre as \u00e1reas da sua vida que mais o preocupam. \u00a0 Consulta de 60 minutos: Para aqueles que desejam uma an\u00e1lise mais aprofundada e detalhada, a consulta de 60 minutos \u00e9 ideal. Isso permite que o leitor de Tarot mergulhe mais fundo em suas perguntas, explorando aspectos mais complexos da sua vida e fornecendo insights mais abrangentes para orientar suas decis\u00f5es e a\u00e7\u00f5es futuras. \u00a0 N\u00e3o importa se voc\u00ea est\u00e1 enfrentando desafios pessoais, incertezas profissionais ou curiosidades sobre o que o destino lhe reserva, as consultas de Tarot Online est\u00e3o prontas para ajud\u00e1-lo a encontrar as respostas que procura. Descubra o caminho para o seu destino hoje mesmo e comece a trilhar um futuro mais consciente e alinhado com seus objetivos e sonhos.\n<a href=\"https:\/\/api.whatsapp.com\/send?phone=5513974035253&#038;text=Ol%C3%A1,%20Andr%C3%A9!%20Gostaria%20que%20voc%C3%AA%20me%20retorna-se%20o%20mais%20breve%20poss%C3%ADvel,%20grato%20e%20fico%20no%20aguardo,%20assunto%20consultas%20pelo%20ZAP!\" target=\"_blank\" rel=\"noopener\"> AGENDE AGORA SUA CONSULTA! <\/a>\n<h1>Mapa Astrol\u00f3gico<\/h1> <h3>Saiba o que os astros reservam para voc\u00ea!<\/h3> Criar um mapa astrol\u00f3gico oferece uma vis\u00e3o \u00fanica das influ\u00eancias c\u00f3smicas em sua vida, revelando seus tra\u00e7os de personalidade, potenciais e desafios. Compreender sua astrologia pode ajudar a tomar decis\u00f5es mais conscientes e aprimorar seu autoconhecimento, promovendo um caminho de crescimento e autodescoberta.\n<a href=\"https:\/\/api.whatsapp.com\/send?phone=5513974035253&#038;text=Ol%C3%A1,%20Andr%C3%A9!%20Gostaria%20que%20voc%C3%AA%20me%20retorna-se%20o%20mais%20breve%20poss%C3%ADvel,%20grato%20e%20fico%20no%20aguardo,%20assunto%20mapa%20astrol\u00f3gico!\" target=\"_blank\" rel=\"noopener\"> Adquira o seu aqui! <\/a>\n<img src=\"https:\/\/conexaoquasar.com.br\/wp-content\/uploads\/2024\/01\/Imagem-do-WhatsApp-de-2024-01-06-as-23.02.33_e4a1fe62.jpg\" title=\"Imagem do WhatsApp de 2024-01-06 \u00e0(s) 23.02.33_e4a1fe62\" alt=\"Imagem do WhatsApp de 2024-01-06 \u00e0(s) 23.02.33_e4a1fe62\" srcset=\"https:\/\/conexaoquasar.com.br\/wp-content\/uploads\/2024\/01\/Imagem-do-WhatsApp-de-2024-01-06-as-23.02.33_e4a1fe62.jpg 612w, https:\/\/conexaoquasar.com.br\/wp-content\/uploads\/2024\/01\/Imagem-do-WhatsApp-de-2024-01-06-as-23.02.33_e4a1fe62-300x300.jpg 300w, https:\/\/conexaoquasar.com.br\/wp-content\/uploads\/2024\/01\/Imagem-do-WhatsApp-de-2024-01-06-as-23.02.33_e4a1fe62-150x150.jpg 150w\" sizes=\"(max-width: 612px) 100vw, 612px\" \/>","_links":{"self":[{"href":"https:\/\/conexaoquasar.com.br\/index.php?rest_route=\/wp\/v2\/pages\/52","targetHints":{"allow":["GET"]}}],"collection":[{"href":"https:\/\/conexaoquasar.com.br\/index.php?rest_route=\/wp\/v2\/pages"}],"about":[{"href":"https:\/\/conexaoquasar.com.br\/index.php?rest_route=\/wp\/v2\/types\/page"}],"author":[{"embeddable":true,"href":"https:\/\/conexaoquasar.com.br\/index.php?rest_route=\/wp\/v2\/users\/1"}],"replies":[{"embeddable":true,"href":"https:\/\/conexaoquasar.com.br\/index.php?rest_route=%2Fwp%2Fv2%2Fcomments&post=52"}],"version-history":[{"count":16,"href":"https:\/\/conexaoquasar.com.br\/index.php?rest_route=\/wp\/v2\/pages\/52\/revisions"}],"predecessor-version":[{"id":244,"href":"https:\/\/conexaoquasar.com.br\/index.php?rest_route=\/wp\/v2\/pages\/52\/revisions\/244"}],"wp:attachment":[{"href":"https:\/\/conexaoquasar.com.br\/index.php?rest_route=%2Fwp%2Fv2%2Fmedia&parent=52"}],"curies":[{"name":"wp","href":"https:\/\/api.w.org\/{rel}","templated":true}]}}